{"id":569,"date":"2026-01-23T17:22:33","date_gmt":"2026-01-23T20:22:33","guid":{"rendered":"https:\/\/www.madeiraplasticamarau.com.br\/site\/?page_id=569"},"modified":"2026-01-27T15:33:45","modified_gmt":"2026-01-27T18:33:45","slug":"galeria","status":"publish","type":"page","link":"https:\/\/www.madeiraplasticamarau.com.br\/site\/galeria\/","title":{"rendered":"Galeria"},"content":{"rendered":"<p style=\"text-align: center;\">Nossas Aplica\u00e7\u00f5es: Conhe\u00e7a um pouco mais das utiliza\u00e7\u00f5es da Madeira Pl\u00e1stica.<\/p>\n<div class=\"foogallery foogallery-container foogallery-default foogallery-lightbox-foobox fg-gutter-10 fg-center fg-default fg-light fg-border-thin  fg-shadow-outline  fg-loading-default fg-loaded-fade-in fg-custom   fg-caption-hover fg-hover-fade fg-hover-zoom\" id=\"foogallery-gallery-576\" data-foogallery=\"{&quot;item&quot;:{&quot;showCaptionTitle&quot;:true,&quot;showCaptionDescription&quot;:true},&quot;lazy&quot;:true,&quot;src&quot;:&quot;data-src-fg&quot;,&quot;srcset&quot;:&quot;data-srcset-fg&quot;}\" data-fg-common-fields=\"1\" >\n\t<div class=\"fg-item\"><figure class=\"fg-item-inner\"><a  href=\"https:\/\/www.madeiraplasticamarau.com.br\/site\/wp-content\/uploads\/2026\/01\/02-560x560-1.jpg\" data-attachment-id=\"577\" class=\" fg-thumb\"><img  width=\"300\" height=\"300\" data-src-fg=\"https:\/\/www.madeiraplasticamarau.com.br\/site\/wp-content\/uploads\/cache\/2026\/01\/02-560x560-1\/4196308739.jpg\" class=\"fg-image\" \/><\/a><figcaption class=\"fg-caption\"><div class=\"fg-caption-inner\"><\/div><\/figcaption><\/figure><\/div><div class=\"fg-item\"><figure class=\"fg-item-inner\"><a  href=\"https:\/\/www.madeiraplasticamarau.com.br\/site\/wp-content\/uploads\/2026\/01\/03-1-560x560-1.jpg\" data-attachment-id=\"578\" class=\" fg-thumb\"><img  width=\"300\" height=\"300\" data-src-fg=\"https:\/\/www.madeiraplasticamarau.com.br\/site\/wp-content\/uploads\/cache\/2026\/01\/03-1-560x560-1\/2166232359.jpg\" class=\"fg-image\" \/><\/a><figcaption class=\"fg-caption\"><div class=\"fg-caption-inner\"><\/div><\/figcaption><\/figure><\/div><div class=\"fg-item\"><figure class=\"fg-item-inner\"><a  href=\"https:\/\/www.madeiraplasticamarau.com.br\/site\/wp-content\/uploads\/2026\/01\/03-2-560x560-1.jpg\" data-attachment-id=\"579\" class=\" fg-thumb\"><img  width=\"300\" height=\"300\" data-src-fg=\"https:\/\/www.madeiraplasticamarau.com.br\/site\/wp-content\/uploads\/cache\/2026\/01\/03-2-560x560-1\/2161121810.jpg\" class=\"fg-image\" \/><\/a><figcaption class=\"fg-caption\"><div class=\"fg-caption-inner\"><\/div><\/figcaption><\/figure><\/div><div class=\"fg-item\"><figure class=\"fg-item-inner\"><a  href=\"https:\/\/www.madeiraplasticamarau.com.br\/site\/wp-content\/uploads\/2026\/01\/03-560x560-1.jpg\" data-attachment-id=\"580\" class=\" fg-thumb\"><img  width=\"300\" height=\"300\" data-src-fg=\"https:\/\/www.madeiraplasticamarau.com.br\/site\/wp-content\/uploads\/cache\/2026\/01\/03-560x560-1\/1408453340.jpg\" class=\"fg-image\" \/><\/a><figcaption class=\"fg-caption\"><div class=\"fg-caption-inner\"><\/div><\/figcaption><\/figure><\/div><div class=\"fg-item\"><figure class=\"fg-item-inner\"><a  href=\"https:\/\/www.madeiraplasticamarau.com.br\/site\/wp-content\/uploads\/2026\/01\/03-560x560-2.jpg\" data-attachment-id=\"581\" class=\" fg-thumb\"><img  width=\"300\" height=\"300\" data-src-fg=\"https:\/\/www.madeiraplasticamarau.com.br\/site\/wp-content\/uploads\/cache\/2026\/01\/03-560x560-2\/1353380240.jpg\" class=\"fg-image\" \/><\/a><figcaption class=\"fg-caption\"><div class=\"fg-caption-inner\"><\/div><\/figcaption><\/figure><\/div><div class=\"fg-item\"><figure class=\"fg-item-inner\"><a  href=\"https:\/\/www.madeiraplasticamarau.com.br\/site\/wp-content\/uploads\/2026\/01\/04-1-560x560-1.jpg\" data-attachment-id=\"582\" class=\" fg-thumb\"><img  width=\"300\" height=\"300\" data-src-fg=\"https:\/\/www.madeiraplasticamarau.com.br\/site\/wp-content\/uploads\/cache\/2026\/01\/04-1-560x560-1\/1022642835.jpg\" class=\"fg-image\" \/><\/a><figcaption class=\"fg-caption\"><div class=\"fg-caption-inner\"><\/div><\/figcaption><\/figure><\/div><div class=\"fg-item\"><figure class=\"fg-item-inner\"><a  href=\"https:\/\/www.madeiraplasticamarau.com.br\/site\/wp-content\/uploads\/2026\/01\/04-2-560x560-1.jpg\" data-attachment-id=\"583\" class=\" fg-thumb\"><img  width=\"300\" height=\"300\" data-src-fg=\"https:\/\/www.madeiraplasticamarau.com.br\/site\/wp-content\/uploads\/cache\/2026\/01\/04-2-560x560-1\/1027229094.jpg\" class=\"fg-image\" \/><\/a><figcaption class=\"fg-caption\"><div class=\"fg-caption-inner\"><\/div><\/figcaption><\/figure><\/div><div class=\"fg-item\"><figure class=\"fg-item-inner\"><a  href=\"https:\/\/www.madeiraplasticamarau.com.br\/site\/wp-content\/uploads\/2026\/01\/04-560x560-1.jpg\" data-attachment-id=\"584\" class=\" fg-thumb\"><img  width=\"300\" height=\"300\" data-src-fg=\"https:\/\/www.madeiraplasticamarau.com.br\/site\/wp-content\/uploads\/cache\/2026\/01\/04-560x560-1\/3893672135.jpg\" class=\"fg-image\" \/><\/a><figcaption class=\"fg-caption\"><div class=\"fg-caption-inner\"><\/div><\/figcaption><\/figure><\/div><div class=\"fg-item\"><figure class=\"fg-item-inner\"><a  href=\"https:\/\/www.madeiraplasticamarau.com.br\/site\/wp-content\/uploads\/2026\/01\/04-560x560-2.jpg\" data-attachment-id=\"585\" class=\" fg-thumb\"><img  width=\"300\" height=\"300\" data-src-fg=\"https:\/\/www.madeiraplasticamarau.com.br\/site\/wp-content\/uploads\/cache\/2026\/01\/04-560x560-2\/3947692939.jpg\" class=\"fg-image\" \/><\/a><figcaption class=\"fg-caption\"><div class=\"fg-caption-inner\"><\/div><\/figcaption><\/figure><\/div><div class=\"fg-item\"><figure class=\"fg-item-inner\"><a  href=\"https:\/\/www.madeiraplasticamarau.com.br\/site\/wp-content\/uploads\/2026\/01\/05-1-560x560-1.jpg\" data-attachment-id=\"586\" class=\" fg-thumb\"><img  width=\"300\" height=\"300\" data-src-fg=\"https:\/\/www.madeiraplasticamarau.com.br\/site\/wp-content\/uploads\/cache\/2026\/01\/05-1-560x560-1\/1112683531.jpg\" class=\"fg-image\" \/><\/a><figcaption class=\"fg-caption\"><div class=\"fg-caption-inner\"><\/div><\/figcaption><\/figure><\/div><div class=\"fg-item\"><figure class=\"fg-item-inner\"><a  href=\"https:\/\/www.madeiraplasticamarau.com.br\/site\/wp-content\/uploads\/2026\/01\/05-2-560x560-1.jpg\" data-attachment-id=\"587\" class=\" fg-thumb\"><img  width=\"300\" height=\"300\" data-src-fg=\"https:\/\/www.madeiraplasticamarau.com.br\/site\/wp-content\/uploads\/cache\/2026\/01\/05-2-560x560-1\/1134312254.jpg\" class=\"fg-image\" \/><\/a><figcaption class=\"fg-caption\"><div class=\"fg-caption-inner\"><\/div><\/figcaption><\/figure><\/div><div class=\"fg-item\"><figure class=\"fg-item-inner\"><a  href=\"https:\/\/www.madeiraplasticamarau.com.br\/site\/wp-content\/uploads\/2026\/01\/05-560x560-1.jpg\" data-attachment-id=\"588\" class=\" fg-thumb\"><img  width=\"300\" height=\"300\" data-src-fg=\"https:\/\/www.madeiraplasticamarau.com.br\/site\/wp-content\/uploads\/cache\/2026\/01\/05-560x560-1\/3894150823.jpg\" class=\"fg-image\" \/><\/a><figcaption class=\"fg-caption\"><div class=\"fg-caption-inner\"><\/div><\/figcaption><\/figure><\/div><div class=\"fg-item\"><figure class=\"fg-item-inner\"><a  href=\"https:\/\/www.madeiraplasticamarau.com.br\/site\/wp-content\/uploads\/2026\/01\/05-560x560-2.jpg\" data-attachment-id=\"589\" class=\" fg-thumb\"><img  width=\"300\" height=\"300\" data-src-fg=\"https:\/\/www.madeiraplasticamarau.com.br\/site\/wp-content\/uploads\/cache\/2026\/01\/05-560x560-2\/3947216363.jpg\" class=\"fg-image\" \/><\/a><figcaption class=\"fg-caption\"><div class=\"fg-caption-inner\"><\/div><\/figcaption><\/figure><\/div><div class=\"fg-item\"><figure class=\"fg-item-inner\"><a  href=\"https:\/\/www.madeiraplasticamarau.com.br\/site\/wp-content\/uploads\/2026\/01\/06-1-560x560-1.jpg\" data-attachment-id=\"590\" class=\" fg-thumb\"><img  width=\"300\" height=\"300\" data-src-fg=\"https:\/\/www.madeiraplasticamarau.com.br\/site\/wp-content\/uploads\/cache\/2026\/01\/06-1-560x560-1\/238948981.jpg\" class=\"fg-image\" \/><\/a><figcaption class=\"fg-caption\"><div class=\"fg-caption-inner\"><\/div><\/figcaption><\/figure><\/div><div class=\"fg-item\"><figure class=\"fg-item-inner\"><a  href=\"https:\/\/www.madeiraplasticamarau.com.br\/site\/wp-content\/uploads\/2026\/01\/06-2-560x560-1.jpg\" data-attachment-id=\"591\" class=\" fg-thumb\"><img  width=\"300\" height=\"300\" data-src-fg=\"https:\/\/www.madeiraplasticamarau.com.br\/site\/wp-content\/uploads\/cache\/2026\/01\/06-2-560x560-1\/267394368.jpg\" class=\"fg-image\" \/><\/a><figcaption class=\"fg-caption\"><div class=\"fg-caption-inner\"><\/div><\/figcaption><\/figure><\/div><div class=\"fg-item\"><figure class=\"fg-item-inner\"><a  href=\"https:\/\/www.madeiraplasticamarau.com.br\/site\/wp-content\/uploads\/2026\/01\/06-560x560-1.jpg\" data-attachment-id=\"592\" class=\" fg-thumb\"><img  width=\"300\" height=\"300\" data-src-fg=\"https:\/\/www.madeiraplasticamarau.com.br\/site\/wp-content\/uploads\/cache\/2026\/01\/06-560x560-1\/825310433.jpg\" class=\"fg-image\" \/><\/a><figcaption class=\"fg-caption\"><div class=\"fg-caption-inner\"><\/div><\/figcaption><\/figure><\/div><div class=\"fg-item\"><figure class=\"fg-item-inner\"><a  href=\"https:\/\/www.madeiraplasticamarau.com.br\/site\/wp-content\/uploads\/2026\/01\/06-560x560-2.jpg\" data-attachment-id=\"593\" class=\" fg-thumb\"><img  width=\"300\" height=\"300\" data-src-fg=\"https:\/\/www.madeiraplasticamarau.com.br\/site\/wp-content\/uploads\/cache\/2026\/01\/06-560x560-2\/845711277.jpg\" class=\"fg-image\" \/><\/a><figcaption class=\"fg-caption\"><div class=\"fg-caption-inner\"><\/div><\/figcaption><\/figure><\/div><div class=\"fg-item\"><figure class=\"fg-item-inner\"><a  href=\"https:\/\/www.madeiraplasticamarau.com.br\/site\/wp-content\/uploads\/2026\/01\/07-1-560x560-1.jpg\" data-attachment-id=\"594\" class=\" fg-thumb\"><img  width=\"300\" height=\"300\" data-src-fg=\"https:\/\/www.madeiraplasticamarau.com.br\/site\/wp-content\/uploads\/cache\/2026\/01\/07-1-560x560-1\/1889037549.jpg\" class=\"fg-image\" \/><\/a><figcaption class=\"fg-caption\"><div class=\"fg-caption-inner\"><\/div><\/figcaption><\/figure><\/div><div class=\"fg-item\"><figure class=\"fg-item-inner\"><a  href=\"https:\/\/www.madeiraplasticamarau.com.br\/site\/wp-content\/uploads\/2026\/01\/07-2-560x560-1.jpg\" data-attachment-id=\"595\" class=\" fg-thumb\"><img  width=\"300\" height=\"300\" data-src-fg=\"https:\/\/www.madeiraplasticamarau.com.br\/site\/wp-content\/uploads\/cache\/2026\/01\/07-2-560x560-1\/1901487064.jpg\" class=\"fg-image\" \/><\/a><figcaption class=\"fg-caption\"><div class=\"fg-caption-inner\"><\/div><\/figcaption><\/figure><\/div><div class=\"fg-item\"><figure class=\"fg-item-inner\"><a  href=\"https:\/\/www.madeiraplasticamarau.com.br\/site\/wp-content\/uploads\/2026\/01\/07-560x560-1.jpg\" data-attachment-id=\"596\" class=\" fg-thumb\"><img  width=\"300\" height=\"300\" data-src-fg=\"https:\/\/www.madeiraplasticamarau.com.br\/site\/wp-content\/uploads\/cache\/2026\/01\/07-560x560-1\/2225762943.jpg\" class=\"fg-image\" \/><\/a><figcaption class=\"fg-caption\"><div class=\"fg-caption-inner\"><\/div><\/figcaption><\/figure><\/div><div class=\"fg-item\"><figure class=\"fg-item-inner\"><a  href=\"https:\/\/www.madeiraplasticamarau.com.br\/site\/wp-content\/uploads\/2026\/01\/07-560x560-2.jpg\" data-attachment-id=\"597\" class=\" fg-thumb\"><img  width=\"300\" height=\"300\" data-src-fg=\"https:\/\/www.madeiraplasticamarau.com.br\/site\/wp-content\/uploads\/cache\/2026\/01\/07-560x560-2\/2280900915.jpg\" class=\"fg-image\" \/><\/a><figcaption class=\"fg-caption\"><div class=\"fg-caption-inner\"><\/div><\/figcaption><\/figure><\/div><div class=\"fg-item\"><figure class=\"fg-item-inner\"><a  href=\"https:\/\/www.madeiraplasticamarau.com.br\/site\/wp-content\/uploads\/2026\/01\/08-1-560x560-1.jpg\" data-attachment-id=\"598\" class=\" fg-thumb\"><img  width=\"300\" height=\"300\" data-src-fg=\"https:\/\/www.madeiraplasticamarau.com.br\/site\/wp-content\/uploads\/cache\/2026\/01\/08-1-560x560-1\/541381294.jpg\" class=\"fg-image\" \/><\/a><figcaption class=\"fg-caption\"><div class=\"fg-caption-inner\"><\/div><\/figcaption><\/figure><\/div><div class=\"fg-item\"><figure class=\"fg-item-inner\"><a  href=\"https:\/\/www.madeiraplasticamarau.com.br\/site\/wp-content\/uploads\/2026\/01\/08-2-560x560-1.jpg\" data-attachment-id=\"599\" class=\" fg-thumb\"><img  width=\"300\" height=\"300\" data-src-fg=\"https:\/\/www.madeiraplasticamarau.com.br\/site\/wp-content\/uploads\/cache\/2026\/01\/08-2-560x560-1\/562748827.jpg\" class=\"fg-image\" \/><\/a><figcaption class=\"fg-caption\"><div class=\"fg-caption-inner\"><\/div><\/figcaption><\/figure><\/div><div class=\"fg-item\"><figure class=\"fg-item-inner\"><a  href=\"https:\/\/www.madeiraplasticamarau.com.br\/site\/wp-content\/uploads\/2026\/01\/08-560x560-1.jpg\" data-attachment-id=\"600\" class=\" fg-thumb\"><img  width=\"300\" height=\"300\" data-src-fg=\"https:\/\/www.madeiraplasticamarau.com.br\/site\/wp-content\/uploads\/cache\/2026\/01\/08-560x560-1\/305923553.jpg\" class=\"fg-image\" \/><\/a><figcaption class=\"fg-caption\"><div class=\"fg-caption-inner\"><\/div><\/figcaption><\/figure><\/div><div class=\"fg-item\"><figure class=\"fg-item-inner\"><a  href=\"https:\/\/www.madeiraplasticamarau.com.br\/site\/wp-content\/uploads\/2026\/01\/08-560x560-2.jpg\" data-attachment-id=\"601\" class=\" fg-thumb\"><img  width=\"300\" height=\"300\" data-src-fg=\"https:\/\/www.madeiraplasticamarau.com.br\/site\/wp-content\/uploads\/cache\/2026\/01\/08-560x560-2\/291880621.jpg\" class=\"fg-image\" \/><\/a><figcaption class=\"fg-caption\"><div class=\"fg-caption-inner\"><\/div><\/figcaption><\/figure><\/div><div class=\"fg-item\"><figure class=\"fg-item-inner\"><a  href=\"https:\/\/www.madeiraplasticamarau.com.br\/site\/wp-content\/uploads\/2026\/01\/09-1-560x560-1.jpg\" data-attachment-id=\"602\" class=\" fg-thumb\"><img  width=\"300\" height=\"300\" data-src-fg=\"https:\/\/www.madeiraplasticamarau.com.br\/site\/wp-content\/uploads\/cache\/2026\/01\/09-1-560x560-1\/878477878.jpg\" class=\"fg-image\" \/><\/a><figcaption class=\"fg-caption\"><div class=\"fg-caption-inner\"><\/div><\/figcaption><\/figure><\/div><div class=\"fg-item\"><figure class=\"fg-item-inner\"><a  href=\"https:\/\/www.madeiraplasticamarau.com.br\/site\/wp-content\/uploads\/2026\/01\/09-2-560x560-1.jpg\" data-attachment-id=\"603\" class=\" fg-thumb\"><img  width=\"300\" height=\"300\" data-src-fg=\"https:\/\/www.madeiraplasticamarau.com.br\/site\/wp-content\/uploads\/cache\/2026\/01\/09-2-560x560-1\/898796803.jpg\" class=\"fg-image\" \/><\/a><figcaption class=\"fg-caption\"><div class=\"fg-caption-inner\"><\/div><\/figcaption><\/figure><\/div><div class=\"fg-item\"><figure class=\"fg-item-inner\"><a  href=\"https:\/\/www.madeiraplasticamarau.com.br\/site\/wp-content\/uploads\/2026\/01\/09-560x560-1.jpg\" data-attachment-id=\"604\" class=\" fg-thumb\"><img  width=\"300\" height=\"300\" data-src-fg=\"https:\/\/www.madeiraplasticamarau.com.br\/site\/wp-content\/uploads\/cache\/2026\/01\/09-560x560-1\/2812758911.jpg\" class=\"fg-image\" \/><\/a><figcaption class=\"fg-caption\"><div class=\"fg-caption-inner\"><\/div><\/figcaption><\/figure><\/div><div class=\"fg-item\"><figure class=\"fg-item-inner\"><a  href=\"https:\/\/www.madeiraplasticamarau.com.br\/site\/wp-content\/uploads\/2026\/01\/09-560x560-2.jpg\" data-attachment-id=\"605\" class=\" fg-thumb\"><img  width=\"300\" height=\"300\" data-src-fg=\"https:\/\/www.madeiraplasticamarau.com.br\/site\/wp-content\/uploads\/cache\/2026\/01\/09-560x560-2\/2768171059.jpg\" class=\"fg-image\" \/><\/a><figcaption class=\"fg-caption\"><div class=\"fg-caption-inner\"><\/div><\/figcaption><\/figure><\/div><div class=\"fg-item\"><figure class=\"fg-item-inner\"><a  href=\"https:\/\/www.madeiraplasticamarau.com.br\/site\/wp-content\/uploads\/2026\/01\/01-1-560x560-1.jpg\" data-attachment-id=\"606\" class=\" fg-thumb\"><img  width=\"300\" height=\"300\" data-src-fg=\"https:\/\/www.madeiraplasticamarau.com.br\/site\/wp-content\/uploads\/cache\/2026\/01\/01-1-560x560-1\/2990936410.jpg\" class=\"fg-image\" \/><\/a><figcaption class=\"fg-caption\"><div class=\"fg-caption-inner\"><\/div><\/figcaption><\/figure><\/div><div class=\"fg-item\"><figure class=\"fg-item-inner\"><a  href=\"https:\/\/www.madeiraplasticamarau.com.br\/site\/wp-content\/uploads\/2026\/01\/01-2-560x560-1.jpg\" data-attachment-id=\"607\" class=\" fg-thumb\"><img  width=\"300\" height=\"300\" data-src-fg=\"https:\/\/www.madeiraplasticamarau.com.br\/site\/wp-content\/uploads\/cache\/2026\/01\/01-2-560x560-1\/3012042351.jpg\" class=\"fg-image\" \/><\/a><figcaption class=\"fg-caption\"><div class=\"fg-caption-inner\"><\/div><\/figcaption><\/figure><\/div><div class=\"fg-item\"><figure class=\"fg-item-inner\"><a  href=\"https:\/\/www.madeiraplasticamarau.com.br\/site\/wp-content\/uploads\/2026\/01\/01-560x560-1.jpg\" data-attachment-id=\"608\" class=\" fg-thumb\"><img  width=\"300\" height=\"300\" data-src-fg=\"https:\/\/www.madeiraplasticamarau.com.br\/site\/wp-content\/uploads\/cache\/2026\/01\/01-560x560-1\/1605168626.jpg\" class=\"fg-image\" \/><\/a><figcaption class=\"fg-caption\"><div class=\"fg-caption-inner\"><\/div><\/figcaption><\/figure><\/div><div class=\"fg-item\"><figure class=\"fg-item-inner\"><a  href=\"https:\/\/www.madeiraplasticamarau.com.br\/site\/wp-content\/uploads\/2026\/01\/02-1-560x560-1.jpg\" data-attachment-id=\"609\" class=\" fg-thumb\"><img  width=\"300\" height=\"300\" data-src-fg=\"https:\/\/www.madeiraplasticamarau.com.br\/site\/wp-content\/uploads\/cache\/2026\/01\/02-1-560x560-1\/3607421514.jpg\" class=\"fg-image\" \/><\/a><figcaption class=\"fg-caption\"><div class=\"fg-caption-inner\"><\/div><\/figcaption><\/figure><\/div><div class=\"fg-item\"><figure class=\"fg-item-inner\"><a  href=\"https:\/\/www.madeiraplasticamarau.com.br\/site\/wp-content\/uploads\/2026\/01\/02-2-560x560-1.jpg\" data-attachment-id=\"610\" class=\" fg-thumb\"><img  width=\"300\" height=\"300\" data-src-fg=\"https:\/\/www.madeiraplasticamarau.com.br\/site\/wp-content\/uploads\/cache\/2026\/01\/02-2-560x560-1\/346876486.jpg\" class=\"fg-image\" \/><\/a><figcaption class=\"fg-caption\"><div class=\"fg-caption-inner\"><\/div><\/figcaption><\/figure><\/div><div class=\"fg-item\"><figure class=\"fg-item-inner\"><a  href=\"https:\/\/www.madeiraplasticamarau.com.br\/site\/wp-content\/uploads\/2026\/01\/02-560x560-1-1.jpg\" data-attachment-id=\"611\" class=\" fg-thumb\"><img  width=\"300\" height=\"300\" data-src-fg=\"https:\/\/www.madeiraplasticamarau.com.br\/site\/wp-content\/uploads\/cache\/2026\/01\/02-560x560-1-1\/3636375003.jpg\" class=\"fg-image\" \/><\/a><figcaption class=\"fg-caption\"><div class=\"fg-caption-inner\"><\/div><\/figcaption><\/figure><\/div><\/div>\n\n","protected":false},"excerpt":{"rendered":"<p>Nossas Aplica\u00e7\u00f5es: Conhe\u00e7a um pouco mais das utiliza\u00e7\u00f5es da Madeira Pl\u00e1stica.<\/p>\n","protected":false},"author":1,"featured_media":0,"parent":0,"menu_order":1,"comment_status":"closed","ping_status":"closed","template":"","meta":[],"_links":{"self":[{"href":"https:\/\/www.madeiraplasticamarau.com.br\/site\/wp-json\/wp\/v2\/pages\/569"}],"collection":[{"href":"https:\/\/www.madeiraplasticamarau.com.br\/site\/wp-json\/wp\/v2\/pages"}],"about":[{"href":"https:\/\/www.madeiraplasticamarau.com.br\/site\/wp-json\/wp\/v2\/types\/page"}],"author":[{"embeddable":true,"href":"https:\/\/www.madeiraplasticamarau.com.br\/site\/wp-json\/wp\/v2\/users\/1"}],"replies":[{"embeddable":true,"href":"https:\/\/www.madeiraplasticamarau.com.br\/site\/wp-json\/wp\/v2\/comments?post=569"}],"version-history":[{"count":3,"href":"https:\/\/www.madeiraplasticamarau.com.br\/site\/wp-json\/wp\/v2\/pages\/569\/revisions"}],"predecessor-version":[{"id":613,"href":"https:\/\/www.madeiraplasticamarau.com.br\/site\/wp-json\/wp\/v2\/pages\/569\/revisions\/613"}],"wp:attachment":[{"href":"https:\/\/www.madeiraplasticamarau.com.br\/site\/wp-json\/wp\/v2\/media?parent=569"}],"curies":[{"name":"wp","href":"https:\/\/api.w.org\/{rel}","templated":true}]}}